{"id":5837,"date":"2023-05-04T22:44:50","date_gmt":"2023-05-04T20:44:50","guid":{"rendered":"https:\/\/www.ilgrifone20.it\/?page_id=5837"},"modified":"2023-05-09T17:00:46","modified_gmt":"2023-05-09T15:00:46","slug":"corso-cucina-tradizionale","status":"publish","type":"page","link":"https:\/\/www.ilgrifone20.it\/index.php\/corso-cucina-tradizionale\/","title":{"rendered":"Corso Cucina Tradizionale"},"content":{"rendered":"\t\t<div data-elementor-type=\"wp-page\" data-elementor-id=\"5837\" class=\"elementor elementor-5837\">\n\t\t\t\t\t\t\t\t\t<section class=\"elementor-section elementor-top-section elementor-element elementor-element-723e007 elementor-section-boxed elementor-section-height-default elementor-section-height-default\" data-id=\"723e007\" data-element_type=\"section\" data-settings=\"{&quot;background_background&quot;:&quot;classic&quot;}\">\n\t\t\t\t\t\t<div class=\"elementor-container elementor-column-gap-default\">\n\t\t\t\t\t<div class=\"elementor-column elementor-col-100 elementor-top-column elementor-element elementor-element-6feec57\" data-id=\"6feec57\" data-element_type=\"column\">\n\t\t\t<div class=\"elementor-widget-wrap elementor-element-populated\">\n\t\t\t\t\t\t\t\t<div class=\"elementor-element elementor-element-5bf7976 elementor-widget elementor-widget-spacer\" data-id=\"5bf7976\" data-element_type=\"widget\" data-widget_type=\"spacer.default\">\n\t\t\t\t<div class=\"elementor-widget-container\">\n\t\t\t<style>\/*! elementor - v3.12.2 - 23-04-2023 *\/\n.elementor-column .elementor-spacer-inner{height:var(--spacer-size)}.e-con{--container-widget-width:100%}.e-con-inner>.elementor-widget-spacer,.e-con>.elementor-widget-spacer{width:var(--container-widget-width,var(--spacer-size));--align-self:var(--container-widget-align-self,initial);--flex-shrink:0}.e-con-inner>.elementor-widget-spacer>.elementor-widget-container,.e-con-inner>.elementor-widget-spacer>.elementor-widget-container>.elementor-spacer,.e-con>.elementor-widget-spacer>.elementor-widget-container,.e-con>.elementor-widget-spacer>.elementor-widget-container>.elementor-spacer{height:100%}.e-con-inner>.elementor-widget-spacer>.elementor-widget-container>.elementor-spacer>.elementor-spacer-inner,.e-con>.elementor-widget-spacer>.elementor-widget-container>.elementor-spacer>.elementor-spacer-inner{height:var(--container-widget-height,var(--spacer-size))}<\/style>\t\t<div class=\"elementor-spacer\">\n\t\t\t<div class=\"elementor-spacer-inner\"><\/div>\n\t\t<\/div>\n\t\t\t\t<\/div>\n\t\t\t\t<\/div>\n\t\t\t\t\t<\/div>\n\t\t<\/div>\n\t\t\t\t\t\t\t<\/div>\n\t\t<\/section>\n\t\t\t\t<section class=\"elementor-section elementor-top-section elementor-element elementor-element-709c3eb elementor-section-boxed elementor-section-height-default elementor-section-height-default\" data-id=\"709c3eb\" data-element_type=\"section\" data-settings=\"{&quot;background_background&quot;:&quot;classic&quot;}\">\n\t\t\t\t\t\t<div class=\"elementor-container elementor-column-gap-default\">\n\t\t\t\t\t<div class=\"elementor-column elementor-col-100 elementor-top-column elementor-element elementor-element-243391d\" data-id=\"243391d\" data-element_type=\"column\">\n\t\t\t<div class=\"elementor-widget-wrap elementor-element-populated\">\n\t\t\t\t\t\t\t\t<div class=\"elementor-element elementor-element-b8bd030 elementor-widget elementor-widget-text-editor\" data-id=\"b8bd030\" data-element_type=\"widget\" data-widget_type=\"text-editor.default\">\n\t\t\t\t<div class=\"elementor-widget-container\">\n\t\t\t<style>\/*! elementor - v3.12.2 - 23-04-2023 *\/\n.elementor-widget-text-editor.elementor-drop-cap-view-stacked .elementor-drop-cap{background-color:#69727d;color:#fff}.elementor-widget-text-editor.elementor-drop-cap-view-framed .elementor-drop-cap{color:#69727d;border:3px solid;background-color:transparent}.elementor-widget-text-editor:not(.elementor-drop-cap-view-default) .elementor-drop-cap{margin-top:8px}.elementor-widget-text-editor:not(.elementor-drop-cap-view-default) .elementor-drop-cap-letter{width:1em;height:1em}.elementor-widget-text-editor .elementor-drop-cap{float:left;text-align:center;line-height:1;font-size:50px}.elementor-widget-text-editor .elementor-drop-cap-letter{display:inline-block}<\/style>\t\t\t\t<h2>CORSO CUCINA TRADIZIONALE<\/h2>\t\t\t\t\t\t<\/div>\n\t\t\t\t<\/div>\n\t\t\t\t\t<\/div>\n\t\t<\/div>\n\t\t\t\t\t\t\t<\/div>\n\t\t<\/section>\n\t\t\t\t<section class=\"elementor-section elementor-top-section elementor-element elementor-element-901de94 elementor-section-boxed elementor-section-height-default elementor-section-height-default\" data-id=\"901de94\" data-element_type=\"section\" data-settings=\"{&quot;background_background&quot;:&quot;classic&quot;}\">\n\t\t\t\t\t\t<div class=\"elementor-container elementor-column-gap-default\">\n\t\t\t\t\t<div class=\"elementor-column elementor-col-66 elementor-top-column elementor-element elementor-element-28ec6f4\" data-id=\"28ec6f4\" data-element_type=\"column\">\n\t\t\t<div class=\"elementor-widget-wrap elementor-element-populated\">\n\t\t\t\t\t\t\t\t<div class=\"elementor-element elementor-element-55a6832 elementor-widget elementor-widget-text-editor\" data-id=\"55a6832\" data-element_type=\"widget\" data-widget_type=\"text-editor.default\">\n\t\t\t\t<div class=\"elementor-widget-container\">\n\t\t\t\t\t\t\t<p><em><span style=\"font-weight: bolder;\">Siamo circondati da programmi televisivi dove grandi chef propongono cucine raffinate e piatti a loro dire strabilianti, le famose &#8220;esperienze&#8221; culinarie . Ma le persone cercano davvero questo quando decidono di andare a mangiare fuori? Sai ad esempio che il 70% dei ristoranti stellati \u00e8 in deficit ? Perch\u00e8 la realt\u00e0 \u00e8 che soprattutto in Italia siamo abituati a mangiare bene, con gusto, con tradizione ed \u00e8 una cosa che non cambier\u00e0 mai Offriamo la possibilit\u00e0 di corsi trimestrali e semestrali sia per persone che non si sono mai avvicinate alla cucina o per chi vuole migliorare il proprio background entrando a contatto con i veri ritmi di un laboratorio che ogni giorno produce pietanze per numeri importanti Veniamo incontro alle vostre esigenze personali con lezioni didattiche strutturate con molta pratica per poi procedere con periodi di affiancamento nella nostra struttura. Contattaci senza impegno per informazioni<\/span><\/em><\/p>\t\t\t\t\t\t<\/div>\n\t\t\t\t<\/div>\n\t\t\t\t\t<\/div>\n\t\t<\/div>\n\t\t\t\t<div class=\"elementor-column elementor-col-33 elementor-top-column elementor-element elementor-element-b0b7e45\" data-id=\"b0b7e45\" data-element_type=\"column\">\n\t\t\t<div class=\"elementor-widget-wrap elementor-element-populated\">\n\t\t\t\t\t\t\t\t<div class=\"elementor-element elementor-element-aa81b62 elementor-widget elementor-widget-image\" data-id=\"aa81b62\" data-element_type=\"widget\" data-widget_type=\"image.default\">\n\t\t\t\t<div class=\"elementor-widget-container\">\n\t\t\t<style>\/*! elementor - v3.12.2 - 23-04-2023 *\/\n.elementor-widget-image{text-align:center}.elementor-widget-image a{display:inline-block}.elementor-widget-image a img[src$=\".svg\"]{width:48px}.elementor-widget-image img{vertical-align:middle;display:inline-block}<\/style>\t\t\t\t\t\t\t\t\t\t\t\t<img loading=\"lazy\" decoding=\"async\" width=\"768\" height=\"1152\" src=\"https:\/\/www.ilgrifone20.it\/wp-content\/uploads\/2023\/05\/front-view-chef-cooking-pasta-768x1152.jpg\" class=\"attachment-medium_large size-medium_large wp-image-6406\" alt=\"\" srcset=\"https:\/\/www.ilgrifone20.it\/wp-content\/uploads\/2023\/05\/front-view-chef-cooking-pasta-768x1152.jpg 768w, https:\/\/www.ilgrifone20.it\/wp-content\/uploads\/2023\/05\/front-view-chef-cooking-pasta-200x300.jpg 200w, https:\/\/www.ilgrifone20.it\/wp-content\/uploads\/2023\/05\/front-view-chef-cooking-pasta-683x1024.jpg 683w, https:\/\/www.ilgrifone20.it\/wp-content\/uploads\/2023\/05\/front-view-chef-cooking-pasta-1024x1536.jpg 1024w, https:\/\/www.ilgrifone20.it\/wp-content\/uploads\/2023\/05\/front-view-chef-cooking-pasta-1365x2048.jpg 1365w, https:\/\/www.ilgrifone20.it\/wp-content\/uploads\/2023\/05\/front-view-chef-cooking-pasta-1320x1980.jpg 1320w, https:\/\/www.ilgrifone20.it\/wp-content\/uploads\/2023\/05\/front-view-chef-cooking-pasta-600x900.jpg 600w, https:\/\/www.ilgrifone20.it\/wp-content\/uploads\/2023\/05\/front-view-chef-cooking-pasta-scaled.jpg 1707w\" sizes=\"auto, (max-width: 768px) 100vw, 768px\" \/>\t\t\t\t\t\t\t\t\t\t\t\t\t\t\t<\/div>\n\t\t\t\t<\/div>\n\t\t\t\t\t<\/div>\n\t\t<\/div>\n\t\t\t\t\t\t\t<\/div>\n\t\t<\/section>\n\t\t\t\t<section class=\"elementor-section elementor-top-section elementor-element elementor-element-8befd91 elementor-section-boxed elementor-section-height-default elementor-section-height-default\" data-id=\"8befd91\" data-element_type=\"section\" data-settings=\"{&quot;background_background&quot;:&quot;classic&quot;}\">\n\t\t\t\t\t\t<div class=\"elementor-container elementor-column-gap-default\">\n\t\t\t\t\t<div class=\"elementor-column elementor-col-100 elementor-top-column elementor-element elementor-element-35a6cf3\" data-id=\"35a6cf3\" data-element_type=\"column\">\n\t\t\t<div class=\"elementor-widget-wrap elementor-element-populated\">\n\t\t\t\t\t\t\t\t<div class=\"elementor-element elementor-element-16cb4d5 elementor-widget elementor-widget-shortcode\" data-id=\"16cb4d5\" data-element_type=\"widget\" data-widget_type=\"shortcode.default\">\n\t\t\t\t<div class=\"elementor-widget-container\">\n\t\t\t\t\t<div class=\"elementor-shortcode\">\n<div class=\"wpcf7 no-js\" id=\"wpcf7-f5975-o1\" lang=\"it-IT\" dir=\"ltr\">\n<div class=\"screen-reader-response\"><p role=\"status\" aria-live=\"polite\" aria-atomic=\"true\"><\/p> <ul><\/ul><\/div>\n<form action=\"\/index.php\/wp-json\/wp\/v2\/pages\/5837#wpcf7-f5975-o1\" method=\"post\" class=\"wpcf7-form init\" aria-label=\"Modulo di contatto\" novalidate=\"novalidate\" data-status=\"init\">\n<div style=\"display: none;\">\n<input type=\"hidden\" name=\"_wpcf7\" value=\"5975\" \/>\n<input type=\"hidden\" name=\"_wpcf7_version\" value=\"5.7.6\" \/>\n<input type=\"hidden\" name=\"_wpcf7_locale\" value=\"it_IT\" \/>\n<input type=\"hidden\" name=\"_wpcf7_unit_tag\" value=\"wpcf7-f5975-o1\" \/>\n<input type=\"hidden\" name=\"_wpcf7_container_post\" value=\"0\" \/>\n<input type=\"hidden\" name=\"_wpcf7_posted_data_hash\" value=\"\" \/>\n<\/div>\n<p><label>Nome (obbligatorio)<br \/>\n<span class=\"wpcf7-form-control-wrap\" data-name=\"your-name\"><input size=\"40\" class=\"wpcf7-form-control wpcf7-text wpcf7-validates-as-required\" aria-required=\"true\" aria-invalid=\"false\" value=\"\" type=\"text\" name=\"your-name\" \/><\/span><br \/>\n<\/label>\n<\/p>\n<p><label>Cognome (obbligatorio)<br \/>\n<span class=\"wpcf7-form-control-wrap\" data-name=\"your-surname\"><input size=\"40\" class=\"wpcf7-form-control wpcf7-text wpcf7-validates-as-required\" aria-required=\"true\" aria-invalid=\"false\" value=\"\" type=\"text\" name=\"your-surname\" \/><\/span><br \/>\n<\/label>\n<\/p>\n<p><label>Email (obbligatorio)<br \/>\n<span class=\"wpcf7-form-control-wrap\" data-name=\"your-email\"><input size=\"40\" class=\"wpcf7-form-control wpcf7-text wpcf7-email wpcf7-validates-as-required wpcf7-validates-as-email\" aria-required=\"true\" aria-invalid=\"false\" value=\"\" type=\"email\" name=\"your-email\" \/><\/span><br \/>\n<\/label>\n<\/p>\n<p><label>Numero di telefono (obbligatorio)<br \/>\n<span class=\"wpcf7-form-control-wrap\" data-name=\"your-phone\"><input size=\"40\" class=\"wpcf7-form-control wpcf7-text wpcf7-tel wpcf7-validates-as-required wpcf7-validates-as-tel\" aria-required=\"true\" aria-invalid=\"false\" value=\"\" type=\"tel\" name=\"your-phone\" \/><\/span><br \/>\n<\/label>\n<\/p>\n<p><label>Testo (obbligatorio)<br \/>\n<span class=\"wpcf7-form-control-wrap\" data-name=\"your-message\"><textarea cols=\"40\" rows=\"10\" class=\"wpcf7-form-control wpcf7-textarea wpcf7-validates-as-required\" aria-required=\"true\" aria-invalid=\"false\" name=\"your-message\"><\/textarea><\/span><br \/>\n<\/label>\n<\/p>\n<p><input class=\"wpcf7-form-control has-spinner wpcf7-submit\" type=\"submit\" value=\"Invia\" \/>\n<\/p><div class=\"wpcf7-response-output\" aria-hidden=\"true\"><\/div>\n<\/form>\n<\/div>\n<\/div>\n\t\t\t\t<\/div>\n\t\t\t\t<\/div>\n\t\t\t\t\t<\/div>\n\t\t<\/div>\n\t\t\t\t\t\t\t<\/div>\n\t\t<\/section>\n\t\t\t\t\t\t\t<\/div>\n\t\t","protected":false},"excerpt":{"rendered":"<p>CORSO CUCINA TRADIZIONALE Siamo circondati da programmi televisivi dove grandi chef propongono cucine raffinate e piatti a loro dire strabilianti, le famose &#8220;esperienze&#8221; culinarie . Ma le persone cercano davvero questo quando decidono di andare a mangiare fuori? Sai ad esempio che il 70% dei ristoranti stellati \u00e8 in deficit ? Perch\u00e8 la realt\u00e0 \u00e8 &hellip;<\/p>\n","protected":false},"author":1,"featured_media":0,"parent":0,"menu_order":0,"comment_status":"closed","ping_status":"closed","template":"elementor_header_footer","meta":{"_mi_skip_tracking":false,"footnotes":""},"class_list":["post-5837","page","type-page","status-publish","hentry"],"aioseo_notices":[],"_links":{"self":[{"href":"https:\/\/www.ilgrifone20.it\/index.php\/wp-json\/wp\/v2\/pages\/5837","targetHints":{"allow":["GET"]}}],"collection":[{"href":"https:\/\/www.ilgrifone20.it\/index.php\/wp-json\/wp\/v2\/pages"}],"about":[{"href":"https:\/\/www.ilgrifone20.it\/index.php\/wp-json\/wp\/v2\/types\/page"}],"author":[{"embeddable":true,"href":"https:\/\/www.ilgrifone20.it\/index.php\/wp-json\/wp\/v2\/users\/1"}],"replies":[{"embeddable":true,"href":"https:\/\/www.ilgrifone20.it\/index.php\/wp-json\/wp\/v2\/comments?post=5837"}],"version-history":[{"count":19,"href":"https:\/\/www.ilgrifone20.it\/index.php\/wp-json\/wp\/v2\/pages\/5837\/revisions"}],"predecessor-version":[{"id":6431,"href":"https:\/\/www.ilgrifone20.it\/index.php\/wp-json\/wp\/v2\/pages\/5837\/revisions\/6431"}],"wp:attachment":[{"href":"https:\/\/www.ilgrifone20.it\/index.php\/wp-json\/wp\/v2\/media?parent=5837"}],"curies":[{"name":"wp","href":"https:\/\/api.w.org\/{rel}","templated":true}]}}