{"id":5835,"date":"2023-05-04T22:44:21","date_gmt":"2023-05-04T20:44:21","guid":{"rendered":"https:\/\/www.ilgrifone20.it\/?page_id=5835"},"modified":"2023-05-09T17:02:27","modified_gmt":"2023-05-09T15:02:27","slug":"corso-caffetteria","status":"publish","type":"page","link":"https:\/\/www.ilgrifone20.it\/index.php\/corso-caffetteria\/","title":{"rendered":"Corso caffetteria"},"content":{"rendered":"\t\t<div data-elementor-type=\"wp-page\" data-elementor-id=\"5835\" class=\"elementor elementor-5835\">\n\t\t\t\t\t\t\t\t\t<section class=\"elementor-section elementor-top-section elementor-element elementor-element-0a34d9d elementor-section-boxed elementor-section-height-default elementor-section-height-default\" data-id=\"0a34d9d\" data-element_type=\"section\" data-settings=\"{&quot;background_background&quot;:&quot;classic&quot;}\">\n\t\t\t\t\t\t<div class=\"elementor-container elementor-column-gap-default\">\n\t\t\t\t\t<div class=\"elementor-column elementor-col-100 elementor-top-column elementor-element elementor-element-1f49ad8\" data-id=\"1f49ad8\" data-element_type=\"column\">\n\t\t\t<div class=\"elementor-widget-wrap elementor-element-populated\">\n\t\t\t\t\t\t\t\t<div class=\"elementor-element elementor-element-f8b348b elementor-widget elementor-widget-spacer\" data-id=\"f8b348b\" data-element_type=\"widget\" data-widget_type=\"spacer.default\">\n\t\t\t\t<div class=\"elementor-widget-container\">\n\t\t\t<style>\/*! elementor - v3.12.2 - 23-04-2023 *\/\n.elementor-column .elementor-spacer-inner{height:var(--spacer-size)}.e-con{--container-widget-width:100%}.e-con-inner>.elementor-widget-spacer,.e-con>.elementor-widget-spacer{width:var(--container-widget-width,var(--spacer-size));--align-self:var(--container-widget-align-self,initial);--flex-shrink:0}.e-con-inner>.elementor-widget-spacer>.elementor-widget-container,.e-con-inner>.elementor-widget-spacer>.elementor-widget-container>.elementor-spacer,.e-con>.elementor-widget-spacer>.elementor-widget-container,.e-con>.elementor-widget-spacer>.elementor-widget-container>.elementor-spacer{height:100%}.e-con-inner>.elementor-widget-spacer>.elementor-widget-container>.elementor-spacer>.elementor-spacer-inner,.e-con>.elementor-widget-spacer>.elementor-widget-container>.elementor-spacer>.elementor-spacer-inner{height:var(--container-widget-height,var(--spacer-size))}<\/style>\t\t<div class=\"elementor-spacer\">\n\t\t\t<div class=\"elementor-spacer-inner\"><\/div>\n\t\t<\/div>\n\t\t\t\t<\/div>\n\t\t\t\t<\/div>\n\t\t\t\t\t<\/div>\n\t\t<\/div>\n\t\t\t\t\t\t\t<\/div>\n\t\t<\/section>\n\t\t\t\t<section class=\"elementor-section elementor-top-section elementor-element elementor-element-53bd468 elementor-section-boxed elementor-section-height-default elementor-section-height-default\" data-id=\"53bd468\" data-element_type=\"section\" data-settings=\"{&quot;background_background&quot;:&quot;classic&quot;}\">\n\t\t\t\t\t\t<div class=\"elementor-container elementor-column-gap-default\">\n\t\t\t\t\t<div class=\"elementor-column elementor-col-100 elementor-top-column elementor-element elementor-element-b8afd8a\" data-id=\"b8afd8a\" data-element_type=\"column\">\n\t\t\t<div class=\"elementor-widget-wrap elementor-element-populated\">\n\t\t\t\t\t\t\t\t<div class=\"elementor-element elementor-element-56d657f elementor-widget elementor-widget-text-editor\" data-id=\"56d657f\" data-element_type=\"widget\" data-widget_type=\"text-editor.default\">\n\t\t\t\t<div class=\"elementor-widget-container\">\n\t\t\t<style>\/*! elementor - v3.12.2 - 23-04-2023 *\/\n.elementor-widget-text-editor.elementor-drop-cap-view-stacked .elementor-drop-cap{background-color:#69727d;color:#fff}.elementor-widget-text-editor.elementor-drop-cap-view-framed .elementor-drop-cap{color:#69727d;border:3px solid;background-color:transparent}.elementor-widget-text-editor:not(.elementor-drop-cap-view-default) .elementor-drop-cap{margin-top:8px}.elementor-widget-text-editor:not(.elementor-drop-cap-view-default) .elementor-drop-cap-letter{width:1em;height:1em}.elementor-widget-text-editor .elementor-drop-cap{float:left;text-align:center;line-height:1;font-size:50px}.elementor-widget-text-editor .elementor-drop-cap-letter{display:inline-block}<\/style>\t\t\t\t<h2><strong>CORSO CAFFETTERIA<\/strong><\/h2>\t\t\t\t\t\t<\/div>\n\t\t\t\t<\/div>\n\t\t\t\t\t<\/div>\n\t\t<\/div>\n\t\t\t\t\t\t\t<\/div>\n\t\t<\/section>\n\t\t\t\t<section class=\"elementor-section elementor-top-section elementor-element elementor-element-d1f0016 elementor-section-boxed elementor-section-height-default elementor-section-height-default\" data-id=\"d1f0016\" data-element_type=\"section\" data-settings=\"{&quot;background_background&quot;:&quot;classic&quot;}\">\n\t\t\t\t\t\t<div class=\"elementor-container elementor-column-gap-default\">\n\t\t\t\t\t<div class=\"elementor-column elementor-col-66 elementor-top-column elementor-element elementor-element-58255c4\" data-id=\"58255c4\" data-element_type=\"column\">\n\t\t\t<div class=\"elementor-widget-wrap elementor-element-populated\">\n\t\t\t\t\t\t\t\t<div class=\"elementor-element elementor-element-03937f2 elementor-widget elementor-widget-text-editor\" data-id=\"03937f2\" data-element_type=\"widget\" data-widget_type=\"text-editor.default\">\n\t\t\t\t<div class=\"elementor-widget-container\">\n\t\t\t\t\t\t\t<p><em><span style=\"font-weight: bolder;\">Il barista, o come viene definito oggi barista coffee, \u00e8 un professionista altamente specializzato che, per poter svolgere le proprie mansioni in un bar o locale, necessita di una specifica formazione.\u00a0<\/span><\/em><\/p><p><em><span style=\"font-weight: bolder;\">Se vuoi entrare nel ramo della caffetteria come barista coffee, quello di cui hai bisogno \u00e8 di un corso che ti insegni tutte le nozioni indispensabili per iniziare a lavorare immediatamente ma soprattutto ti conceda la possibilit\u00e0 di operare poi direttamente a contatto con il pubblico, unico reale banco di prova per creare quell&#8217;esperienza necessaria per svolgere questo mestiere Il Grifone Academy si propone diversamente da tutte le classiche accademie del settore mixology poich\u00e8 riteniamo che la didattica sia decisamente importante ma ci\u00f2 che fa la differenza in questo lavoro \u00e8 la capacit\u00e0 di gestione del cliente , della situazione e del problem solving.\u00a0<\/span><\/em><\/p><p><em><span style=\"font-weight: bolder;\">Offriamo la possibilit\u00e0 di corsi trimestrali e semestrali sia per persone che non si sono mai avvicinate a questo settore sia per coloro che vogliono migliorare le loro qualit\u00e0. Veniamo incontro alle vostre esigenze personali con lezioni didattiche strutturate con molta pratica per poi procedere con periodi di affiancamento nella nostra struttura. Contattaci senza impegno per informazioni<\/span><\/em><\/p>\t\t\t\t\t\t<\/div>\n\t\t\t\t<\/div>\n\t\t\t\t\t<\/div>\n\t\t<\/div>\n\t\t\t\t<div class=\"elementor-column elementor-col-33 elementor-top-column elementor-element elementor-element-9c33d99\" data-id=\"9c33d99\" data-element_type=\"column\">\n\t\t\t<div class=\"elementor-widget-wrap elementor-element-populated\">\n\t\t\t\t\t\t\t\t<div class=\"elementor-element elementor-element-39c53fc elementor-widget elementor-widget-image\" data-id=\"39c53fc\" data-element_type=\"widget\" data-widget_type=\"image.default\">\n\t\t\t\t<div class=\"elementor-widget-container\">\n\t\t\t<style>\/*! elementor - v3.12.2 - 23-04-2023 *\/\n.elementor-widget-image{text-align:center}.elementor-widget-image a{display:inline-block}.elementor-widget-image a img[src$=\".svg\"]{width:48px}.elementor-widget-image img{vertical-align:middle;display:inline-block}<\/style>\t\t\t\t\t\t\t\t\t\t\t\t<img loading=\"lazy\" decoding=\"async\" width=\"768\" height=\"1152\" src=\"https:\/\/www.ilgrifone20.it\/wp-content\/uploads\/2023\/05\/barista-preparing-coffee-close-up-1-768x1152.jpg\" class=\"attachment-medium_large size-medium_large wp-image-6398\" alt=\"\" srcset=\"https:\/\/www.ilgrifone20.it\/wp-content\/uploads\/2023\/05\/barista-preparing-coffee-close-up-1-768x1152.jpg 768w, https:\/\/www.ilgrifone20.it\/wp-content\/uploads\/2023\/05\/barista-preparing-coffee-close-up-1-200x300.jpg 200w, https:\/\/www.ilgrifone20.it\/wp-content\/uploads\/2023\/05\/barista-preparing-coffee-close-up-1-683x1024.jpg 683w, https:\/\/www.ilgrifone20.it\/wp-content\/uploads\/2023\/05\/barista-preparing-coffee-close-up-1-1024x1536.jpg 1024w, https:\/\/www.ilgrifone20.it\/wp-content\/uploads\/2023\/05\/barista-preparing-coffee-close-up-1-1365x2048.jpg 1365w, https:\/\/www.ilgrifone20.it\/wp-content\/uploads\/2023\/05\/barista-preparing-coffee-close-up-1-1320x1980.jpg 1320w, https:\/\/www.ilgrifone20.it\/wp-content\/uploads\/2023\/05\/barista-preparing-coffee-close-up-1-600x900.jpg 600w, https:\/\/www.ilgrifone20.it\/wp-content\/uploads\/2023\/05\/barista-preparing-coffee-close-up-1-scaled.jpg 1706w\" sizes=\"auto, (max-width: 768px) 100vw, 768px\" \/>\t\t\t\t\t\t\t\t\t\t\t\t\t\t\t<\/div>\n\t\t\t\t<\/div>\n\t\t\t\t\t<\/div>\n\t\t<\/div>\n\t\t\t\t\t\t\t<\/div>\n\t\t<\/section>\n\t\t\t\t<section class=\"elementor-section elementor-top-section elementor-element elementor-element-580892f elementor-section-boxed elementor-section-height-default elementor-section-height-default\" data-id=\"580892f\" data-element_type=\"section\" data-settings=\"{&quot;background_background&quot;:&quot;classic&quot;}\">\n\t\t\t\t\t\t<div class=\"elementor-container elementor-column-gap-default\">\n\t\t\t\t\t<div class=\"elementor-column elementor-col-100 elementor-top-column elementor-element elementor-element-7ab0868\" data-id=\"7ab0868\" data-element_type=\"column\">\n\t\t\t<div class=\"elementor-widget-wrap elementor-element-populated\">\n\t\t\t\t\t\t\t\t<div class=\"elementor-element elementor-element-e1f17c1 elementor-widget elementor-widget-shortcode\" data-id=\"e1f17c1\" data-element_type=\"widget\" data-widget_type=\"shortcode.default\">\n\t\t\t\t<div class=\"elementor-widget-container\">\n\t\t\t\t\t<div class=\"elementor-shortcode\">\n<div class=\"wpcf7 no-js\" id=\"wpcf7-f5970-o1\" lang=\"it-IT\" dir=\"ltr\">\n<div class=\"screen-reader-response\"><p role=\"status\" aria-live=\"polite\" aria-atomic=\"true\"><\/p> <ul><\/ul><\/div>\n<form action=\"\/index.php\/wp-json\/wp\/v2\/pages\/5835#wpcf7-f5970-o1\" method=\"post\" class=\"wpcf7-form init\" aria-label=\"Modulo di contatto\" novalidate=\"novalidate\" data-status=\"init\">\n<div style=\"display: none;\">\n<input type=\"hidden\" name=\"_wpcf7\" value=\"5970\" \/>\n<input type=\"hidden\" name=\"_wpcf7_version\" value=\"5.7.6\" \/>\n<input type=\"hidden\" name=\"_wpcf7_locale\" value=\"it_IT\" \/>\n<input type=\"hidden\" name=\"_wpcf7_unit_tag\" value=\"wpcf7-f5970-o1\" \/>\n<input type=\"hidden\" name=\"_wpcf7_container_post\" value=\"0\" \/>\n<input type=\"hidden\" name=\"_wpcf7_posted_data_hash\" value=\"\" \/>\n<\/div>\n<p><label>Nome (obbligatorio)<br \/>\n<span class=\"wpcf7-form-control-wrap\" data-name=\"your-name\"><input size=\"40\" class=\"wpcf7-form-control wpcf7-text wpcf7-validates-as-required\" aria-required=\"true\" aria-invalid=\"false\" value=\"\" type=\"text\" name=\"your-name\" \/><\/span><br \/>\n<\/label>\n<\/p>\n<p><label>Cognome (obbligatorio)<br \/>\n<span class=\"wpcf7-form-control-wrap\" data-name=\"your-surname\"><input size=\"40\" class=\"wpcf7-form-control wpcf7-text wpcf7-validates-as-required\" aria-required=\"true\" aria-invalid=\"false\" value=\"\" type=\"text\" name=\"your-surname\" \/><\/span><br \/>\n<\/label>\n<\/p>\n<p><label>Email (obbligatorio)<br \/>\n<span class=\"wpcf7-form-control-wrap\" data-name=\"your-email\"><input size=\"40\" class=\"wpcf7-form-control wpcf7-text wpcf7-email wpcf7-validates-as-required wpcf7-validates-as-email\" aria-required=\"true\" aria-invalid=\"false\" value=\"\" type=\"email\" name=\"your-email\" \/><\/span><br \/>\n<\/label>\n<\/p>\n<p><label>Numero di telefono (obbligatorio)<br \/>\n<span class=\"wpcf7-form-control-wrap\" data-name=\"your-phone\"><input size=\"40\" class=\"wpcf7-form-control wpcf7-text wpcf7-tel wpcf7-validates-as-required wpcf7-validates-as-tel\" aria-required=\"true\" aria-invalid=\"false\" value=\"\" type=\"tel\" name=\"your-phone\" \/><\/span><br \/>\n<\/label>\n<\/p>\n<p><label>Testo (obbligatorio)<br \/>\n<span class=\"wpcf7-form-control-wrap\" data-name=\"your-message\"><textarea cols=\"40\" rows=\"10\" class=\"wpcf7-form-control wpcf7-textarea wpcf7-validates-as-required\" aria-required=\"true\" aria-invalid=\"false\" name=\"your-message\"><\/textarea><\/span><br \/>\n<\/label>\n<\/p>\n<p><input class=\"wpcf7-form-control has-spinner wpcf7-submit\" type=\"submit\" value=\"Invia\" \/>\n<\/p><div class=\"wpcf7-response-output\" aria-hidden=\"true\"><\/div>\n<\/form>\n<\/div>\n<\/div>\n\t\t\t\t<\/div>\n\t\t\t\t<\/div>\n\t\t\t\t\t<\/div>\n\t\t<\/div>\n\t\t\t\t\t\t\t<\/div>\n\t\t<\/section>\n\t\t\t\t\t\t\t<\/div>\n\t\t","protected":false},"excerpt":{"rendered":"<p>CORSO CAFFETTERIA Il barista, o come viene definito oggi barista coffee, \u00e8 un professionista altamente specializzato che, per poter svolgere le proprie mansioni in un bar o locale, necessita di una specifica formazione.\u00a0 Se vuoi entrare nel ramo della caffetteria come barista coffee, quello di cui hai bisogno \u00e8 di un corso che ti insegni &hellip;<\/p>\n","protected":false},"author":1,"featured_media":0,"parent":0,"menu_order":0,"comment_status":"closed","ping_status":"closed","template":"elementor_header_footer","meta":{"_mi_skip_tracking":false,"footnotes":""},"class_list":["post-5835","page","type-page","status-publish","hentry"],"aioseo_notices":[],"_links":{"self":[{"href":"https:\/\/www.ilgrifone20.it\/index.php\/wp-json\/wp\/v2\/pages\/5835","targetHints":{"allow":["GET"]}}],"collection":[{"href":"https:\/\/www.ilgrifone20.it\/index.php\/wp-json\/wp\/v2\/pages"}],"about":[{"href":"https:\/\/www.ilgrifone20.it\/index.php\/wp-json\/wp\/v2\/types\/page"}],"author":[{"embeddable":true,"href":"https:\/\/www.ilgrifone20.it\/index.php\/wp-json\/wp\/v2\/users\/1"}],"replies":[{"embeddable":true,"href":"https:\/\/www.ilgrifone20.it\/index.php\/wp-json\/wp\/v2\/comments?post=5835"}],"version-history":[{"count":34,"href":"https:\/\/www.ilgrifone20.it\/index.php\/wp-json\/wp\/v2\/pages\/5835\/revisions"}],"predecessor-version":[{"id":6434,"href":"https:\/\/www.ilgrifone20.it\/index.php\/wp-json\/wp\/v2\/pages\/5835\/revisions\/6434"}],"wp:attachment":[{"href":"https:\/\/www.ilgrifone20.it\/index.php\/wp-json\/wp\/v2\/media?parent=5835"}],"curies":[{"name":"wp","href":"https:\/\/api.w.org\/{rel}","templated":true}]}}