{"id":5673,"date":"2023-05-04T19:43:45","date_gmt":"2023-05-04T17:43:45","guid":{"rendered":"https:\/\/www.ilgrifone20.it\/?page_id=5673"},"modified":"2023-05-09T10:59:54","modified_gmt":"2023-05-09T08:59:54","slug":"caffetteria","status":"publish","type":"page","link":"https:\/\/www.ilgrifone20.it\/index.php\/caffetteria\/","title":{"rendered":"Caffetteria"},"content":{"rendered":"\t\t<div data-elementor-type=\"wp-page\" data-elementor-id=\"5673\" class=\"elementor elementor-5673\">\n\t\t\t\t\t\t\t\t\t<section class=\"elementor-section elementor-top-section elementor-element elementor-element-4512d38 elementor-section-boxed elementor-section-height-default elementor-section-height-default\" data-id=\"4512d38\" data-element_type=\"section\" data-settings=\"{&quot;background_background&quot;:&quot;classic&quot;}\">\n\t\t\t\t\t\t<div class=\"elementor-container elementor-column-gap-default\">\n\t\t\t\t\t<div class=\"elementor-column elementor-col-100 elementor-top-column elementor-element elementor-element-95630f6\" data-id=\"95630f6\" data-element_type=\"column\">\n\t\t\t<div class=\"elementor-widget-wrap elementor-element-populated\">\n\t\t\t\t\t\t\t\t<div class=\"elementor-element elementor-element-c3b17ba elementor-widget elementor-widget-spacer\" data-id=\"c3b17ba\" data-element_type=\"widget\" data-widget_type=\"spacer.default\">\n\t\t\t\t<div class=\"elementor-widget-container\">\n\t\t\t<style>\/*! elementor - v3.12.2 - 23-04-2023 *\/\n.elementor-column .elementor-spacer-inner{height:var(--spacer-size)}.e-con{--container-widget-width:100%}.e-con-inner>.elementor-widget-spacer,.e-con>.elementor-widget-spacer{width:var(--container-widget-width,var(--spacer-size));--align-self:var(--container-widget-align-self,initial);--flex-shrink:0}.e-con-inner>.elementor-widget-spacer>.elementor-widget-container,.e-con-inner>.elementor-widget-spacer>.elementor-widget-container>.elementor-spacer,.e-con>.elementor-widget-spacer>.elementor-widget-container,.e-con>.elementor-widget-spacer>.elementor-widget-container>.elementor-spacer{height:100%}.e-con-inner>.elementor-widget-spacer>.elementor-widget-container>.elementor-spacer>.elementor-spacer-inner,.e-con>.elementor-widget-spacer>.elementor-widget-container>.elementor-spacer>.elementor-spacer-inner{height:var(--container-widget-height,var(--spacer-size))}<\/style>\t\t<div class=\"elementor-spacer\">\n\t\t\t<div class=\"elementor-spacer-inner\"><\/div>\n\t\t<\/div>\n\t\t\t\t<\/div>\n\t\t\t\t<\/div>\n\t\t\t\t\t<\/div>\n\t\t<\/div>\n\t\t\t\t\t\t\t<\/div>\n\t\t<\/section>\n\t\t\t\t<section class=\"elementor-section elementor-top-section elementor-element elementor-element-4752d34 elementor-section-boxed elementor-section-height-default elementor-section-height-default\" data-id=\"4752d34\" data-element_type=\"section\" data-settings=\"{&quot;background_background&quot;:&quot;classic&quot;}\">\n\t\t\t\t\t\t<div class=\"elementor-container elementor-column-gap-default\">\n\t\t\t\t\t<div class=\"elementor-column elementor-col-100 elementor-top-column elementor-element elementor-element-e0ad2e9\" data-id=\"e0ad2e9\" data-element_type=\"column\">\n\t\t\t<div class=\"elementor-widget-wrap elementor-element-populated\">\n\t\t\t\t\t\t\t\t<div class=\"elementor-element elementor-element-ec0c345 elementor-widget elementor-widget-heading\" data-id=\"ec0c345\" data-element_type=\"widget\" data-widget_type=\"heading.default\">\n\t\t\t\t<div class=\"elementor-widget-container\">\n\t\t\t<style>\/*! elementor - v3.12.2 - 23-04-2023 *\/\n.elementor-heading-title{padding:0;margin:0;line-height:1}.elementor-widget-heading .elementor-heading-title[class*=elementor-size-]>a{color:inherit;font-size:inherit;line-height:inherit}.elementor-widget-heading .elementor-heading-title.elementor-size-small{font-size:15px}.elementor-widget-heading .elementor-heading-title.elementor-size-medium{font-size:19px}.elementor-widget-heading .elementor-heading-title.elementor-size-large{font-size:29px}.elementor-widget-heading .elementor-heading-title.elementor-size-xl{font-size:39px}.elementor-widget-heading .elementor-heading-title.elementor-size-xxl{font-size:59px}<\/style><h1 class=\"elementor-heading-title elementor-size-default\">La storia del nostro caff\u00e8<\/h1>\t\t<\/div>\n\t\t\t\t<\/div>\n\t\t\t\t<div class=\"elementor-element elementor-element-8631536 elementor-widget elementor-widget-text-editor\" data-id=\"8631536\" data-element_type=\"widget\" data-widget_type=\"text-editor.default\">\n\t\t\t\t<div class=\"elementor-widget-container\">\n\t\t\t<style>\/*! elementor - v3.12.2 - 23-04-2023 *\/\n.elementor-widget-text-editor.elementor-drop-cap-view-stacked .elementor-drop-cap{background-color:#69727d;color:#fff}.elementor-widget-text-editor.elementor-drop-cap-view-framed .elementor-drop-cap{color:#69727d;border:3px solid;background-color:transparent}.elementor-widget-text-editor:not(.elementor-drop-cap-view-default) .elementor-drop-cap{margin-top:8px}.elementor-widget-text-editor:not(.elementor-drop-cap-view-default) .elementor-drop-cap-letter{width:1em;height:1em}.elementor-widget-text-editor .elementor-drop-cap{float:left;text-align:center;line-height:1;font-size:50px}.elementor-widget-text-editor .elementor-drop-cap-letter{display:inline-block}<\/style>\t\t\t\t<p style=\"overflow-wrap: inherit; box-sizing: inherit; margin-bottom: 0px; padding: 0px; font-family: Arial, Helvetica, sans-serif; font-size: 12px; text-align: center; text-size-adjust: none !important; color: #3c3c3c !important;\"><span style=\"font-family: 'Palatino Linotype', 'Book Antiqua', Palatino, serif; font-size: 22px; font-style: italic;\">Proponiamo\u00a0 un<\/span><span style=\"font-family: 'Palatino Linotype', 'Book Antiqua', Palatino, serif; font-size: 22px; font-style: italic;\">\u00a0<\/span><span style=\"font-family: 'Palatino Linotype', 'Book Antiqua', Palatino, serif; font-size: 22px; font-style: italic; overflow-wrap: inherit; box-sizing: inherit; font-weight: bold; text-size-adjust: none !important;\">Caff\u00e8 della nostra torrefazione<\/span><span style=\"font-family: 'Palatino Linotype', 'Book Antiqua', Palatino, serif; font-size: 22px; font-style: italic;\">\u00a0<\/span><span style=\"font-family: 'Palatino Linotype', 'Book Antiqua', Palatino, serif; font-size: 22px; font-style: italic;\">molto strutturato .<\/span><\/p><p style=\"overflow-wrap: inherit; box-sizing: inherit; margin-bottom: 0px; padding: 0px; font-family: Arial, Helvetica, sans-serif; font-size: 12px; text-align: center; text-size-adjust: none !important; color: #3c3c3c !important;\"><span style=\"overflow-wrap: inherit; box-sizing: inherit; font-style: italic; font-family: 'Palatino Linotype', 'Book Antiqua', Palatino, serif; font-size: 22px; text-size-adjust: none !important;\">\u00a0<\/span><\/p><p style=\"overflow-wrap: inherit; box-sizing: inherit; margin-bottom: 0px; padding: 0px; font-family: Arial, Helvetica, sans-serif; font-size: 12px; text-align: center; text-size-adjust: none !important; color: #3c3c3c !important;\"><span style=\"overflow-wrap: inherit; box-sizing: inherit; font-style: italic; font-family: 'Palatino Linotype', 'Book Antiqua', Palatino, serif; font-size: 22px; text-size-adjust: none !important;\">Abbiamo creato una miscela esclusiva composta da una percentuale arabica 80% prima coltura e di un 20% arabica sempre prima coltura; un mix deciso e raffinato per un caff\u00e8 che si lascia assaporare con delicatezza ma allo stesso tempo con un retrogusto deciso ed importante.<\/span><\/p><p style=\"overflow-wrap: inherit; box-sizing: inherit; margin-bottom: 0px; padding: 0px; font-family: Arial, Helvetica, sans-serif; font-size: 12px; text-align: center; text-size-adjust: none !important; color: #3c3c3c !important;\"><span style=\"overflow-wrap: inherit; box-sizing: inherit; font-style: italic; font-family: 'Palatino Linotype', 'Book Antiqua', Palatino, serif; font-size: 22px; text-size-adjust: none !important;\">Come per gli amanti del buon vino anche per il caff\u00e8, che \u00e8 il prodotto finale di molti passaggi delicati\u00a0 \u00e8 giusto conoscere le origini molto velocemente.<\/span><\/p><p style=\"overflow-wrap: inherit; box-sizing: inherit; margin-bottom: 0px; padding: 0px; font-family: Arial, Helvetica, sans-serif; font-size: 12px; text-align: center; text-size-adjust: none !important; color: #3c3c3c !important;\"><span style=\"overflow-wrap: inherit; box-sizing: inherit; font-style: italic; font-family: 'Palatino Linotype', 'Book Antiqua', Palatino, serif; font-size: 22px; text-size-adjust: none !important;\">Due sono le specie coltivate: Coffea Arabica di cui esistono molte variet\u00e0, per lo pi\u00f9 in America Latina e Africa Orientale, e Coffea Canephora, di cui viene utilizzata la variet\u00e0 Robusta proveniente in prevalenza da Africa Occidentale e Asia.<\/span><\/p><p style=\"overflow-wrap: inherit; box-sizing: inherit; margin-bottom: 0px; padding: 0px; font-family: Arial, Helvetica, sans-serif; font-size: 12px; text-align: center; text-size-adjust: none !important; color: #3c3c3c !important;\"><span style=\"overflow-wrap: inherit; box-sizing: inherit; font-style: italic; font-family: 'Palatino Linotype', 'Book Antiqua', Palatino, serif; font-size: 22px; text-size-adjust: none !important;\">Lo sapevate che i fiori, bianchi, del caff\u00e8 profumano di gelsomino? Pi\u00f9 che fiori si tratta di un\u2019infiorescenza che d\u00e0 origine, una volta impollinata, alle \u2018ciliegie\u2019 di caff\u00e8: piccoli globi rossi o gialli con due semi avvolti da una pellicola (pergamino) e dalla polpa.<\/span><\/p><p style=\"overflow-wrap: inherit; box-sizing: inherit; margin-bottom: 0px; padding: 0px; font-family: Arial, Helvetica, sans-serif; font-size: 12px; text-align: center; text-size-adjust: none !important; color: #3c3c3c !important;\"><span style=\"overflow-wrap: inherit; box-sizing: inherit; font-style: italic; font-family: 'Palatino Linotype', 'Book Antiqua', Palatino, serif; font-size: 22px; text-size-adjust: none !important;\">La bevanda del caff\u00e8 \u00e8 ottenuta dai semi che si presentano verdi al momento della raccolta.<\/span><\/p><p style=\"overflow-wrap: inherit; box-sizing: inherit; margin-bottom: 0px; padding: 0px; font-family: Arial, Helvetica, sans-serif; font-size: 12px; text-align: center; text-size-adjust: none !important; color: #3c3c3c !important;\"><span style=\"overflow-wrap: inherit; box-sizing: inherit; font-style: italic; font-family: 'Palatino Linotype', 'Book Antiqua', Palatino, serif; font-size: 22px; text-size-adjust: none !important;\">Allo stesso tempo per gli amanti del decaffeinato un decaffeinato\u00a0 in grani per chi amasse il gusto della macinatura istantanea.<\/span><\/p><p style=\"overflow-wrap: inherit; box-sizing: inherit; padding: 0px; font-family: Arial, Helvetica, sans-serif; font-size: 12px; text-align: center; text-size-adjust: none !important; color: #3c3c3c !important;\"><span style=\"overflow-wrap: inherit; box-sizing: inherit; font-style: italic; font-family: 'Palatino Linotype', 'Book Antiqua', Palatino, serif; font-size: 22px; text-size-adjust: none !important;\">Non dimentichiamo ovviamente gli amanti del Ginseng e dell&#8217; Orzo con le\u00a0 nostre miscele\u00a0 Fralema equilibrate e molto naturali, senza aggiunta di zuccheri<\/span><span style=\"overflow-wrap: inherit; box-sizing: inherit; font-style: italic; font-family: 'Palatino Linotype', 'Book Antiqua', Palatino, serif; font-size: 26px; text-size-adjust: none !important;\">\u00a0\u00a0<\/span><\/p><p class=\"mobile-undersized-upper\" style=\"overflow-wrap: inherit; box-sizing: inherit; margin-bottom: 0px; padding: 0px; font-family: Arial, Helvetica, sans-serif; font-size: 12px; text-align: center; text-size-adjust: none !important; color: #3c3c3c !important;\"><span class=\"mobile-oversized\" style=\"overflow-wrap: inherit; box-sizing: inherit; font-weight: bold; font-family: 'Kaushan Script'; font-size: 36px; text-size-adjust: none !important;\">Cornetteria , sfoglie , torte , latte ed intolleranze.<\/span><\/p><p class=\"mobile-undersized-upper\" style=\"overflow-wrap: inherit; box-sizing: inherit; margin-bottom: 0px; padding: 0px; font-family: Arial, Helvetica, sans-serif; font-size: 12px; text-align: center; text-size-adjust: none !important; color: #3c3c3c !important;\"><span class=\"mobile-oversized\" style=\"overflow-wrap: inherit; box-sizing: inherit; font-weight: bold; font-family: 'Palatino Linotype', 'Book Antiqua', Palatino, serif; font-size: 26px; text-size-adjust: none !important;\">\u00a0<\/span><\/p><p class=\"mobile-undersized-upper\" style=\"overflow-wrap: inherit; box-sizing: inherit; margin-bottom: 0px; padding: 0px; font-family: Arial, Helvetica, sans-serif; font-size: 12px; text-align: center; text-size-adjust: none !important; color: #3c3c3c !important;\"><span class=\"mobile-oversized\" style=\"overflow-wrap: inherit; box-sizing: inherit; font-style: italic; font-family: 'Palatino Linotype', 'Book Antiqua', Palatino, serif; font-size: 26px; text-size-adjust: none !important;\">La linea di cornetteria\u00a0 \u00e8 prodotta nei nostri laboratori del nostro polo principale ovvero l&#8217;Antico Casale sito in Via di Salone 155, 157,159.<\/span><\/p><p class=\"mobile-undersized-upper\" style=\"overflow-wrap: inherit; box-sizing: inherit; margin-bottom: 0px; padding: 0px; font-family: Arial, Helvetica, sans-serif; font-size: 12px; text-align: center; text-size-adjust: none !important; color: #3c3c3c !important;\"><span class=\"mobile-oversized\" style=\"overflow-wrap: inherit; box-sizing: inherit; font-style: italic; font-family: 'Palatino Linotype', 'Book Antiqua', Palatino, serif; font-size: 26px; text-size-adjust: none !important;\">Un cornetto morbido fragrante e digeribile con una farcitura intensa , una variet\u00e0 di gusto per una colazione sempre diversa ogni giorno .<\/span><\/p><p class=\"mobile-undersized-upper\" style=\"overflow-wrap: inherit; box-sizing: inherit; margin-bottom: 0px; padding: 0px; font-family: Arial, Helvetica, sans-serif; font-size: 12px; text-align: center; text-size-adjust: none !important; color: #3c3c3c !important;\"><span class=\"mobile-oversized\" style=\"overflow-wrap: inherit; box-sizing: inherit; font-style: italic; font-family: 'Palatino Linotype', 'Book Antiqua', Palatino, serif; font-size: 26px; text-size-adjust: none !important;\">Alla nostra produzione di cornetteria uniamo sfoglie, muffin, crostate, torte e biscotteria oltre a pasticceria secca e mignon<\/span><\/p><p class=\"mobile-undersized-upper\" style=\"overflow-wrap: inherit; box-sizing: inherit; margin-bottom: 0px; padding: 0px; font-family: Arial, Helvetica, sans-serif; font-size: 12px; text-align: center; text-size-adjust: none !important; color: #3c3c3c !important;\"><span class=\"mobile-oversized\" style=\"overflow-wrap: inherit; box-sizing: inherit; font-style: italic; font-family: 'Palatino Linotype', 'Book Antiqua', Palatino, serif; font-size: 26px; text-size-adjust: none !important;\">La nostra meravigliosa linea di cornetteria artigianale vi aprir\u00e0 un mondo nuovo&#8230; leggerezza , fragranza e gusto per un croissant meraviglioso<\/span><\/p><p class=\"mobile-undersized-upper\" style=\"overflow-wrap: inherit; box-sizing: inherit; margin-bottom: 0px; padding: 0px; font-family: Arial, Helvetica, sans-serif; font-size: 12px; text-align: center; text-size-adjust: none !important; color: #3c3c3c !important;\"><span class=\"mobile-oversized\" style=\"overflow-wrap: inherit; box-sizing: inherit; font-style: italic; font-family: 'Palatino Linotype', 'Book Antiqua', Palatino, serif; font-size: 26px; text-size-adjust: none !important;\">Il piacere della classica colazione con lieviti prodotti\u00a0 con impasti ad alta digeribilit\u00e0 con farciture classiche e d&#8217;eccellenza\u00a0 ( pistacchio , noci, limone, cioccolato ecuadoregno ..<\/span><\/p><p style=\"overflow-wrap: inherit; box-sizing: inherit; padding: 0px; font-family: Arial, Helvetica, sans-serif; font-size: 12px; text-align: center; text-size-adjust: none !important; color: #3c3c3c !important;\">\u00a0<\/p><p class=\"mobile-undersized-upper\" style=\"overflow-wrap: inherit; box-sizing: inherit; padding: 0px; font-family: Arial, Helvetica, sans-serif; font-size: 12px; text-align: center; text-size-adjust: none !important; color: #3c3c3c !important;\"><span class=\"mobile-oversized\" style=\"overflow-wrap: inherit; box-sizing: inherit; font-style: italic; font-family: 'Palatino Linotype', 'Book Antiqua', Palatino, serif; font-size: 26px; text-size-adjust: none !important;\">e molto altro ancora) .<\/span><\/p><p class=\"mobile-undersized-upper\" style=\"overflow-wrap: inherit; box-sizing: inherit; margin-bottom: 0px; padding: 0px; font-family: Arial, Helvetica, sans-serif; font-size: 12px; text-align: center; text-size-adjust: none !important; color: #3c3c3c !important;\"><span class=\"mobile-oversized\" style=\"overflow-wrap: inherit; box-sizing: inherit; font-style: italic; font-family: 'Palatino Linotype', 'Book Antiqua', Palatino, serif; font-size: 26px; text-size-adjust: none !important;\">Pensiamo ovviamente anche alle persone celiache e agli amanti del vegano con i nostri lieviti appositamente per voi, lo stesso dicasi per gli intolleranti al latte.<\/span><\/p><p class=\"mobile-undersized-upper\" style=\"overflow-wrap: inherit; box-sizing: inherit; margin-bottom: 0px; padding: 0px; font-family: Arial, Helvetica, sans-serif; font-size: 12px; text-align: center; text-size-adjust: none !important; color: #3c3c3c !important;\"><span class=\"mobile-oversized\" style=\"overflow-wrap: inherit; box-sizing: inherit; font-style: italic; font-family: 'Palatino Linotype', 'Book Antiqua', Palatino, serif; font-size: 26px; text-size-adjust: none !important;\">Per loro abbiamo a disposizione latte di soia , senza lattosio e parzialmente scremato,<\/span><\/p><p class=\"mobile-undersized-upper\" style=\"overflow-wrap: inherit; box-sizing: inherit; margin-bottom: 0px; padding: 0px; font-family: Arial, Helvetica, sans-serif; font-size: 12px; text-align: center; text-size-adjust: none !important; color: #3c3c3c !important;\"><span class=\"mobile-oversized\" style=\"overflow-wrap: inherit; box-sizing: inherit; font-style: italic; font-family: 'Palatino Linotype', 'Book Antiqua', Palatino, serif; font-size: 26px; text-size-adjust: none !important;\">non esitate a chiederli al nostro staff.<\/span><\/p><p class=\"mobile-undersized-upper\" style=\"overflow-wrap: inherit; box-sizing: inherit; margin-bottom: 0px; padding: 0px; font-family: Arial, Helvetica, sans-serif; font-size: 12px; text-align: center; text-size-adjust: none !important; color: #3c3c3c !important;\"><span class=\"mobile-oversized\" style=\"overflow-wrap: inherit; box-sizing: inherit; font-style: italic; font-family: 'Palatino Linotype', 'Book Antiqua', Palatino, serif; font-size: 26px; text-size-adjust: none !important;\">\u00a0<\/span><\/p><p class=\"mobile-undersized-upper\" style=\"overflow-wrap: inherit; box-sizing: inherit; margin-bottom: 0px; padding: 0px; font-family: Arial, Helvetica, sans-serif; font-size: 12px; text-align: center; text-size-adjust: none !important; color: #3c3c3c !important;\"><span class=\"mobile-oversized\" style=\"overflow-wrap: inherit; box-sizing: inherit; font-style: italic; font-family: 'Palatino Linotype', 'Book Antiqua', Palatino, serif; font-size: 26px; text-size-adjust: none !important;\">\u00a0<\/span><\/p><p class=\"mobile-undersized-upper\" style=\"overflow-wrap: inherit; box-sizing: inherit; margin-bottom: 0px; padding: 0px; font-family: Arial, Helvetica, sans-serif; font-size: 12px; text-align: center; text-size-adjust: none !important; color: #3c3c3c !important;\"><span class=\"mobile-oversized\" style=\"overflow-wrap: inherit; box-sizing: inherit; font-weight: bold; font-family: 'Kaushan Script'; font-size: 36px; text-size-adjust: none !important;\">Per le pause sfiziose e per il pranzo veloce&#8230;<\/span><\/p><p class=\"mobile-undersized-upper\" style=\"overflow-wrap: inherit; box-sizing: inherit; margin-bottom: 0px; padding: 0px; font-family: Arial, Helvetica, sans-serif; font-size: 12px; text-align: center; text-size-adjust: none !important; color: #3c3c3c !important;\"><span class=\"mobile-oversized\" style=\"overflow-wrap: inherit; box-sizing: inherit; font-weight: bold; font-family: 'Palatino Linotype', 'Book Antiqua', Palatino, serif; font-size: 26px; text-size-adjust: none !important;\">\u00a0<\/span><\/p><p class=\"mobile-undersized-upper\" style=\"overflow-wrap: inherit; box-sizing: inherit; margin-bottom: 0px; padding: 0px; font-family: Arial, Helvetica, sans-serif; font-size: 12px; text-align: center; text-size-adjust: none !important; color: #3c3c3c !important;\"><span class=\"mobile-oversized\" style=\"overflow-wrap: inherit; box-sizing: inherit; font-style: italic; font-family: 'Palatino Linotype', 'Book Antiqua', Palatino, serif; font-size: 26px; text-size-adjust: none !important;\">Siamo a vostra disposizione con<span style=\"overflow-wrap: inherit; box-sizing: inherit; font-weight: bold; text-size-adjust: none !important;\">\u00a0una vasta gamma di the e cioccolateria calda<\/span>\u00a0da gustare con pasticceria mignon anch&#8217;essa artigianale.<\/span><\/p><p class=\"mobile-undersized-upper\" style=\"overflow-wrap: inherit; box-sizing: inherit; margin-bottom: 0px; padding: 0px; font-family: Arial, Helvetica, sans-serif; font-size: 12px; text-align: center; text-size-adjust: none !important; color: #3c3c3c !important;\"><span class=\"mobile-oversized\" style=\"overflow-wrap: inherit; box-sizing: inherit; font-style: italic; font-family: 'Palatino Linotype', 'Book Antiqua', Palatino, serif; font-size: 26px; text-size-adjust: none !important;\">\u00a0<\/span><\/p><p class=\"mobile-undersized-upper\" style=\"overflow-wrap: inherit; box-sizing: inherit; margin-bottom: 0px; padding: 0px; font-family: Arial, Helvetica, sans-serif; font-size: 12px; text-align: center; text-size-adjust: none !important; color: #3c3c3c !important;\"><span class=\"mobile-oversized\" style=\"overflow-wrap: inherit; box-sizing: inherit; font-style: italic; font-family: 'Palatino Linotype', 'Book Antiqua', Palatino, serif; font-size: 26px; text-size-adjust: none !important;\">La linea della frutta e della verdura \u00e8 sempre in esposizione pronta per\u00a0<span style=\"overflow-wrap: inherit; box-sizing: inherit; font-weight: bold; text-size-adjust: none !important;\">estratti, centrifughe o semplici spremute d&#8217;arancia pompelmo o melograno, ovviamente succhi di frutta per ogni gusto<\/span>\u00a0unite alla nostra gastronomia\u00a0 esclusivamente di nostra produzione e\u00a0<span style=\"overflow-wrap: inherit; box-sizing: inherit; font-weight: bold; text-size-adjust: none !important;\">solo<\/span>\u00a0con prodotti freschi e stagionali.<\/span><\/p><p class=\"mobile-undersized-upper\" style=\"overflow-wrap: inherit; box-sizing: inherit; margin-bottom: 0px; padding: 0px; font-family: Arial, Helvetica, sans-serif; font-size: 12px; text-align: center; text-size-adjust: none !important; color: #3c3c3c !important;\"><span class=\"mobile-oversized\" style=\"overflow-wrap: inherit; box-sizing: inherit; font-style: italic; font-family: 'Palatino Linotype', 'Book Antiqua', Palatino, serif; font-size: 26px; text-size-adjust: none !important;\">\u00a0<\/span><\/p><p class=\"mobile-undersized-upper\" style=\"overflow-wrap: inherit; box-sizing: inherit; padding: 0px; font-family: Arial, Helvetica, sans-serif; font-size: 12px; text-align: center; text-size-adjust: none !important; color: #3c3c3c !important;\">\u00a0<\/p><p class=\"mobile-undersized-upper\" style=\"overflow-wrap: inherit; box-sizing: inherit; padding: 0px; font-family: Arial, Helvetica, sans-serif; font-size: 12px; text-align: center; text-size-adjust: none !important; color: #3c3c3c !important;\"><span class=\"mobile-oversized\" style=\"overflow-wrap: inherit; box-sizing: inherit; font-style: italic; font-family: 'Palatino Linotype', 'Book Antiqua', Palatino, serif; font-size: 26px; text-size-adjust: none !important;\">Amiamo ricercare varie tipologie di farine pertanto chiedete pure al nostro staff le caratteristiche dei vari panini tramezzini o club sandwich che troverete bene in mostra nella nostra vetrina, saranno e saremo felici di darvi ogni informazione possibile<\/span><\/p>\t\t\t\t\t\t<\/div>\n\t\t\t\t<\/div>\n\t\t\t\t\t<\/div>\n\t\t<\/div>\n\t\t\t\t\t\t\t<\/div>\n\t\t<\/section>\n\t\t\t\t\t\t\t<\/div>\n\t\t","protected":false},"excerpt":{"rendered":"<p>La storia del nostro caff\u00e8 Proponiamo\u00a0 un\u00a0Caff\u00e8 della nostra torrefazione\u00a0molto strutturato . \u00a0 Abbiamo creato una miscela esclusiva composta da una percentuale arabica 80% prima coltura e di un 20% arabica sempre prima coltura; un mix deciso e raffinato per un caff\u00e8 che si lascia assaporare con delicatezza ma allo stesso tempo con un retrogusto &hellip;<\/p>\n","protected":false},"author":1,"featured_media":0,"parent":0,"menu_order":0,"comment_status":"closed","ping_status":"closed","template":"elementor_header_footer","meta":{"_mi_skip_tracking":false,"footnotes":""},"class_list":["post-5673","page","type-page","status-publish","hentry"],"aioseo_notices":[],"_links":{"self":[{"href":"https:\/\/www.ilgrifone20.it\/index.php\/wp-json\/wp\/v2\/pages\/5673","targetHints":{"allow":["GET"]}}],"collection":[{"href":"https:\/\/www.ilgrifone20.it\/index.php\/wp-json\/wp\/v2\/pages"}],"about":[{"href":"https:\/\/www.ilgrifone20.it\/index.php\/wp-json\/wp\/v2\/types\/page"}],"author":[{"embeddable":true,"href":"https:\/\/www.ilgrifone20.it\/index.php\/wp-json\/wp\/v2\/users\/1"}],"replies":[{"embeddable":true,"href":"https:\/\/www.ilgrifone20.it\/index.php\/wp-json\/wp\/v2\/comments?post=5673"}],"version-history":[{"count":19,"href":"https:\/\/www.ilgrifone20.it\/index.php\/wp-json\/wp\/v2\/pages\/5673\/revisions"}],"predecessor-version":[{"id":6226,"href":"https:\/\/www.ilgrifone20.it\/index.php\/wp-json\/wp\/v2\/pages\/5673\/revisions\/6226"}],"wp:attachment":[{"href":"https:\/\/www.ilgrifone20.it\/index.php\/wp-json\/wp\/v2\/media?parent=5673"}],"curies":[{"name":"wp","href":"https:\/\/api.w.org\/{rel}","templated":true}]}}